{"id":3171,"date":"2026-03-24T13:16:34","date_gmt":"2026-03-24T12:16:34","guid":{"rendered":"https:\/\/brandonwheels.se\/?post_type=product&#038;p=3171"},"modified":"2026-03-24T13:16:34","modified_gmt":"2026-03-24T12:16:34","slug":"alpro-2","status":"publish","type":"product","link":"https:\/\/brandonwheels.se\/fr\/nos-cas-clients\/alpro-2\/","title":{"rendered":"Alpro Streetsampling"},"content":{"rendered":"","protected":false},"parent":0,"menu_order":0,"template":"","class_list":["post-3171","product","type-product","status-publish","hentry","product-category-sampling","product-category-vehicule-evenementiel"],"acf":[],"yoast_head":"<!-- This site is optimized with the Yoast SEO plugin v26.1.1 - https:\/\/yoast.com\/wordpress\/plugins\/seo\/ -->\n<title>Alpro \u2013 Un profil de saveurs durable dans les rues - Brand on Wheels<\/title>\n<meta name=\"description\" content=\"Nous avons aid\u00e9 Alpro \u00e0 promouvoir ses produits d\u2019origine v\u00e9g\u00e9tale gr\u00e2ce \u00e0 un sampling cr\u00e9atif et \u00e0 du personnel \u00e9v\u00e9nementiel \u2013 un exemple de marketing durable.\" \/>\n<meta name=\"robots\" content=\"index, follow, max-snippet:-1, max-image-preview:large, max-video-preview:-1\" \/>\n<link rel=\"canonical\" href=\"https:\/\/brandonwheels.se\/fr\/nos-cas-clients\/alpro-2\/\" \/>\n<meta property=\"og:locale\" content=\"fr_FR\" \/>\n<meta property=\"og:type\" content=\"article\" \/>\n<meta property=\"og:title\" content=\"Alpro \u2013 Un profil de saveurs durable dans les rues - Brand on Wheels\" \/>\n<meta property=\"og:description\" content=\"Nous avons aid\u00e9 Alpro \u00e0 promouvoir ses produits d\u2019origine v\u00e9g\u00e9tale gr\u00e2ce \u00e0 un sampling cr\u00e9atif et \u00e0 du personnel \u00e9v\u00e9nementiel \u2013 un exemple de marketing durable.\" \/>\n<meta property=\"og:url\" content=\"https:\/\/brandonwheels.se\/fr\/nos-cas-clients\/alpro-2\/\" \/>\n<meta property=\"og:site_name\" content=\"Brand on Wheels\" \/>\n<meta property=\"article:publisher\" content=\"https:\/\/www.facebook.com\/Brandonwheelsofficial\" \/>\n<meta property=\"og:image\" content=\"https:\/\/brandonwheels.se\/wp-content\/uploads\/2025\/10\/share-img-brandonwheels-2.webp\" \/>\n\t<meta property=\"og:image:width\" content=\"1200\" \/>\n\t<meta property=\"og:image:height\" content=\"628\" \/>\n\t<meta property=\"og:image:type\" content=\"image\/webp\" \/>\n<meta name=\"twitter:card\" content=\"summary_large_image\" \/>\n<meta name=\"twitter:label1\" content=\"Dur\u00e9e de lecture estim\u00e9e\" \/>\n\t<meta name=\"twitter:data1\" content=\"4 minutes\" \/>\n<script type=\"application\/ld+json\" class=\"yoast-schema-graph\">{\"@context\":\"https:\/\/schema.org\",\"@graph\":[{\"@type\":\"WebPage\",\"@id\":\"https:\/\/brandonwheels.se\/fr\/nos-cas-clients\/alpro-2\/\",\"url\":\"https:\/\/brandonwheels.se\/fr\/nos-cas-clients\/alpro-2\/\",\"name\":\"Alpro \u2013 Un profil de saveurs durable dans les rues - Brand on Wheels\",\"isPartOf\":{\"@id\":\"https:\/\/brandonwheels.se\/fr\/#website\"},\"datePublished\":\"2026-03-24T12:16:34+00:00\",\"description\":\"Nous avons aid\u00e9 Alpro \u00e0 promouvoir ses produits d\u2019origine v\u00e9g\u00e9tale gr\u00e2ce \u00e0 un sampling cr\u00e9atif et \u00e0 du personnel \u00e9v\u00e9nementiel \u2013 un exemple de marketing durable.\",\"breadcrumb\":{\"@id\":\"https:\/\/brandonwheels.se\/fr\/nos-cas-clients\/alpro-2\/#breadcrumb\"},\"inLanguage\":\"fr-FR\",\"potentialAction\":[{\"@type\":\"ReadAction\",\"target\":[\"https:\/\/brandonwheels.se\/fr\/nos-cas-clients\/alpro-2\/\"]}]},{\"@type\":\"BreadcrumbList\",\"@id\":\"https:\/\/brandonwheels.se\/fr\/nos-cas-clients\/alpro-2\/#breadcrumb\",\"itemListElement\":[{\"@type\":\"ListItem\",\"position\":1,\"name\":\"Home\",\"item\":\"https:\/\/brandonwheels.se\/fr\/\"},{\"@type\":\"ListItem\",\"position\":2,\"name\":\"Products\",\"item\":\"https:\/\/brandonwheels.se\/fr\/nos-cas-clients\/\"},{\"@type\":\"ListItem\",\"position\":3,\"name\":\"Alpro Streetsampling\"}]},{\"@type\":\"WebSite\",\"@id\":\"https:\/\/brandonwheels.se\/fr\/#website\",\"url\":\"https:\/\/brandonwheels.se\/fr\/\",\"name\":\"Brand on Wheels\",\"description\":\"Skapar upplevelser som engagerar och konverterar\",\"publisher\":{\"@id\":\"https:\/\/brandonwheels.se\/fr\/#organization\"},\"potentialAction\":[{\"@type\":\"SearchAction\",\"target\":{\"@type\":\"EntryPoint\",\"urlTemplate\":\"https:\/\/brandonwheels.se\/fr\/?s={search_term_string}\"},\"query-input\":{\"@type\":\"PropertyValueSpecification\",\"valueRequired\":true,\"valueName\":\"search_term_string\"}}],\"inLanguage\":\"fr-FR\"},{\"@type\":\"Organization\",\"@id\":\"https:\/\/brandonwheels.se\/fr\/#organization\",\"name\":\"Brand on Wheels\",\"url\":\"https:\/\/brandonwheels.se\/fr\/\",\"logo\":{\"@type\":\"ImageObject\",\"inLanguage\":\"fr-FR\",\"@id\":\"https:\/\/brandonwheels.se\/fr\/#\/schema\/logo\/image\/\",\"url\":\"https:\/\/brandonwheels.se\/wp-content\/uploads\/2025\/03\/share-image-brand-on-wheels.webp\",\"contentUrl\":\"https:\/\/brandonwheels.se\/wp-content\/uploads\/2025\/03\/share-image-brand-on-wheels.webp\",\"width\":1200,\"height\":628,\"caption\":\"Brand on Wheels\"},\"image\":{\"@id\":\"https:\/\/brandonwheels.se\/fr\/#\/schema\/logo\/image\/\"},\"sameAs\":[\"https:\/\/www.facebook.com\/Brandonwheelsofficial\",\"https:\/\/www.instagram.com\/brandonwheelsofficial\/\",\"https:\/\/www.youtube.com\/channel\/UCnRYDA0ioFkAEM3BD5knpVA\"]}]}<\/script>\n<!-- \/ Yoast SEO plugin. -->","yoast_head_json":{"title":"Alpro \u2013 Un profil de saveurs durable dans les rues - Brand on Wheels","description":"Nous avons aid\u00e9 Alpro \u00e0 promouvoir ses produits d\u2019origine v\u00e9g\u00e9tale gr\u00e2ce \u00e0 un sampling cr\u00e9atif et \u00e0 du personnel \u00e9v\u00e9nementiel \u2013 un exemple de marketing durable.","robots":{"index":"index","follow":"follow","max-snippet":"max-snippet:-1","max-image-preview":"max-image-preview:large","max-video-preview":"max-video-preview:-1"},"canonical":"https:\/\/brandonwheels.se\/fr\/nos-cas-clients\/alpro-2\/","og_locale":"fr_FR","og_type":"article","og_title":"Alpro \u2013 Un profil de saveurs durable dans les rues - Brand on Wheels","og_description":"Nous avons aid\u00e9 Alpro \u00e0 promouvoir ses produits d\u2019origine v\u00e9g\u00e9tale gr\u00e2ce \u00e0 un sampling cr\u00e9atif et \u00e0 du personnel \u00e9v\u00e9nementiel \u2013 un exemple de marketing durable.","og_url":"https:\/\/brandonwheels.se\/fr\/nos-cas-clients\/alpro-2\/","og_site_name":"Brand on Wheels","article_publisher":"https:\/\/www.facebook.com\/Brandonwheelsofficial","og_image":[{"width":1200,"height":628,"url":"https:\/\/brandonwheels.se\/wp-content\/uploads\/2025\/10\/share-img-brandonwheels-2.webp","type":"image\/webp"}],"twitter_card":"summary_large_image","twitter_misc":{"Dur\u00e9e de lecture estim\u00e9e":"4 minutes"},"schema":{"@context":"https:\/\/schema.org","@graph":[{"@type":"WebPage","@id":"https:\/\/brandonwheels.se\/fr\/nos-cas-clients\/alpro-2\/","url":"https:\/\/brandonwheels.se\/fr\/nos-cas-clients\/alpro-2\/","name":"Alpro \u2013 Un profil de saveurs durable dans les rues - Brand on Wheels","isPartOf":{"@id":"https:\/\/brandonwheels.se\/fr\/#website"},"datePublished":"2026-03-24T12:16:34+00:00","description":"Nous avons aid\u00e9 Alpro \u00e0 promouvoir ses produits d\u2019origine v\u00e9g\u00e9tale gr\u00e2ce \u00e0 un sampling cr\u00e9atif et \u00e0 du personnel \u00e9v\u00e9nementiel \u2013 un exemple de marketing durable.","breadcrumb":{"@id":"https:\/\/brandonwheels.se\/fr\/nos-cas-clients\/alpro-2\/#breadcrumb"},"inLanguage":"fr-FR","potentialAction":[{"@type":"ReadAction","target":["https:\/\/brandonwheels.se\/fr\/nos-cas-clients\/alpro-2\/"]}]},{"@type":"BreadcrumbList","@id":"https:\/\/brandonwheels.se\/fr\/nos-cas-clients\/alpro-2\/#breadcrumb","itemListElement":[{"@type":"ListItem","position":1,"name":"Home","item":"https:\/\/brandonwheels.se\/fr\/"},{"@type":"ListItem","position":2,"name":"Products","item":"https:\/\/brandonwheels.se\/fr\/nos-cas-clients\/"},{"@type":"ListItem","position":3,"name":"Alpro Streetsampling"}]},{"@type":"WebSite","@id":"https:\/\/brandonwheels.se\/fr\/#website","url":"https:\/\/brandonwheels.se\/fr\/","name":"Brand on Wheels","description":"Skapar upplevelser som engagerar och konverterar","publisher":{"@id":"https:\/\/brandonwheels.se\/fr\/#organization"},"potentialAction":[{"@type":"SearchAction","target":{"@type":"EntryPoint","urlTemplate":"https:\/\/brandonwheels.se\/fr\/?s={search_term_string}"},"query-input":{"@type":"PropertyValueSpecification","valueRequired":true,"valueName":"search_term_string"}}],"inLanguage":"fr-FR"},{"@type":"Organization","@id":"https:\/\/brandonwheels.se\/fr\/#organization","name":"Brand on Wheels","url":"https:\/\/brandonwheels.se\/fr\/","logo":{"@type":"ImageObject","inLanguage":"fr-FR","@id":"https:\/\/brandonwheels.se\/fr\/#\/schema\/logo\/image\/","url":"https:\/\/brandonwheels.se\/wp-content\/uploads\/2025\/03\/share-image-brand-on-wheels.webp","contentUrl":"https:\/\/brandonwheels.se\/wp-content\/uploads\/2025\/03\/share-image-brand-on-wheels.webp","width":1200,"height":628,"caption":"Brand on Wheels"},"image":{"@id":"https:\/\/brandonwheels.se\/fr\/#\/schema\/logo\/image\/"},"sameAs":["https:\/\/www.facebook.com\/Brandonwheelsofficial","https:\/\/www.instagram.com\/brandonwheelsofficial\/","https:\/\/www.youtube.com\/channel\/UCnRYDA0ioFkAEM3BD5knpVA"]}]}},"_links":{"self":[{"href":"https:\/\/brandonwheels.se\/fr\/wp-json\/wp\/v2\/product\/3171","targetHints":{"allow":["GET"]}}],"collection":[{"href":"https:\/\/brandonwheels.se\/fr\/wp-json\/wp\/v2\/product"}],"about":[{"href":"https:\/\/brandonwheels.se\/fr\/wp-json\/wp\/v2\/types\/product"}],"version-history":[{"count":1,"href":"https:\/\/brandonwheels.se\/fr\/wp-json\/wp\/v2\/product\/3171\/revisions"}],"predecessor-version":[{"id":3213,"href":"https:\/\/brandonwheels.se\/fr\/wp-json\/wp\/v2\/product\/3171\/revisions\/3213"}],"wp:attachment":[{"href":"https:\/\/brandonwheels.se\/fr\/wp-json\/wp\/v2\/media?parent=3171"}],"curies":[{"name":"wp","href":"https:\/\/api.w.org\/{rel}","templated":true}]}}